{"id":71,"date":"2021-05-02T09:26:34","date_gmt":"2021-05-02T09:26:34","guid":{"rendered":"https:\/\/www.alexreichenbach.de\/?page_id=71"},"modified":"2025-09-26T14:16:33","modified_gmt":"2025-09-26T13:16:33","slug":"alex-reichenbach","status":"publish","type":"page","link":"https:\/\/www.alexreichenbach.de\/","title":{"rendered":"Alex Reichenbach"},"content":{"rendered":"\n<div class=\"wp-block-media-text alignwide has-media-on-the-right is-stacked-on-mobile is-style-default\" style=\"grid-template-columns:auto 21%\"><div class=\"wp-block-media-text__content\">\n<div class=\"wp-block-columns is-layout-flex wp-container-core-columns-is-layout-9d6595d7 wp-block-columns-is-layout-flex\">\n<div class=\"wp-block-column is-vertically-aligned-center is-layout-flow wp-block-column-is-layout-flow\" style=\"flex-basis:25%\">\n<ul class=\"wp-block-social-links is-content-justification-right is-layout-flex wp-container-core-social-links-is-layout-765c4724 wp-block-social-links-is-layout-flex\"><li class=\"wp-social-link wp-social-link-instagram  wp-block-social-link\"><a rel=\"noopener nofollow\" target=\"_blank\" href=\"https:\/\/www.instagram.com\/reichenbach_lab_hhn\/\" class=\"wp-block-social-link-anchor\"><svg width=\"24\" height=\"24\" viewBox=\"0 0 24 24\" version=\"1.1\" xmlns=\"http:\/\/www.w3.org\/2000\/svg\" aria-hidden=\"true\" focusable=\"false\"><path d=\"M12,4.622c2.403,0,2.688,0.009,3.637,0.052c0.877,0.04,1.354,0.187,1.671,0.31c0.42,0.163,0.72,0.358,1.035,0.673 c0.315,0.315,0.51,0.615,0.673,1.035c0.123,0.317,0.27,0.794,0.31,1.671c0.043,0.949,0.052,1.234,0.052,3.637 s-0.009,2.688-0.052,3.637c-0.04,0.877-0.187,1.354-0.31,1.671c-0.163,0.42-0.358,0.72-0.673,1.035 c-0.315,0.315-0.615,0.51-1.035,0.673c-0.317,0.123-0.794,0.27-1.671,0.31c-0.949,0.043-1.233,0.052-3.637,0.052 s-2.688-0.009-3.637-0.052c-0.877-0.04-1.354-0.187-1.671-0.31c-0.42-0.163-0.72-0.358-1.035-0.673 c-0.315-0.315-0.51-0.615-0.673-1.035c-0.123-0.317-0.27-0.794-0.31-1.671C4.631,14.688,4.622,14.403,4.622,12 s0.009-2.688,0.052-3.637c0.04-0.877,0.187-1.354,0.31-1.671c0.163-0.42,0.358-0.72,0.673-1.035 c0.315-0.315,0.615-0.51,1.035-0.673c0.317-0.123,0.794-0.27,1.671-0.31C9.312,4.631,9.597,4.622,12,4.622 M12,3 C9.556,3,9.249,3.01,8.289,3.054C7.331,3.098,6.677,3.25,6.105,3.472C5.513,3.702,5.011,4.01,4.511,4.511 c-0.5,0.5-0.808,1.002-1.038,1.594C3.25,6.677,3.098,7.331,3.054,8.289C3.01,9.249,3,9.556,3,12c0,2.444,0.01,2.751,0.054,3.711 c0.044,0.958,0.196,1.612,0.418,2.185c0.23,0.592,0.538,1.094,1.038,1.594c0.5,0.5,1.002,0.808,1.594,1.038 c0.572,0.222,1.227,0.375,2.185,0.418C9.249,20.99,9.556,21,12,21s2.751-0.01,3.711-0.054c0.958-0.044,1.612-0.196,2.185-0.418 c0.592-0.23,1.094-0.538,1.594-1.038c0.5-0.5,0.808-1.002,1.038-1.594c0.222-0.572,0.375-1.227,0.418-2.185 C20.99,14.751,21,14.444,21,12s-0.01-2.751-0.054-3.711c-0.044-0.958-0.196-1.612-0.418-2.185c-0.23-0.592-0.538-1.094-1.038-1.594 c-0.5-0.5-1.002-0.808-1.594-1.038c-0.572-0.222-1.227-0.375-2.185-0.418C14.751,3.01,14.444,3,12,3L12,3z M12,7.378 c-2.552,0-4.622,2.069-4.622,4.622S9.448,16.622,12,16.622s4.622-2.069,4.622-4.622S14.552,7.378,12,7.378z M12,15 c-1.657,0-3-1.343-3-3s1.343-3,3-3s3,1.343,3,3S13.657,15,12,15z M16.804,6.116c-0.596,0-1.08,0.484-1.08,1.08 s0.484,1.08,1.08,1.08c0.596,0,1.08-0.484,1.08-1.08S17.401,6.116,16.804,6.116z\"><\/path><\/svg><span class=\"wp-block-social-link-label screen-reader-text\">Instagram<\/span><\/a><\/li><\/ul>\n<\/div>\n\n\n\n<div class=\"wp-block-column is-layout-flow wp-block-column-is-layout-flow\" style=\"flex-basis:50%\">\n<h3 class=\"wp-block-heading has-text-align-center\">Alex Reichenbach<\/h3>\n<\/div>\n\n\n\n<div class=\"wp-block-column is-vertically-aligned-center is-layout-flow wp-block-column-is-layout-flow\" style=\"flex-basis:25%\">\n<ul class=\"wp-block-social-links is-horizontal is-layout-flex wp-block-social-links-is-layout-flex\"><li class=\"wp-social-link wp-social-link-linkedin  wp-block-social-link\"><a rel=\"noopener nofollow\" target=\"_blank\" href=\"https:\/\/www.linkedin.com\/in\/alexandra-reichenbach-a2833b\/\" class=\"wp-block-social-link-anchor\"><svg width=\"24\" height=\"24\" viewBox=\"0 0 24 24\" version=\"1.1\" xmlns=\"http:\/\/www.w3.org\/2000\/svg\" aria-hidden=\"true\" focusable=\"false\"><path d=\"M19.7,3H4.3C3.582,3,3,3.582,3,4.3v15.4C3,20.418,3.582,21,4.3,21h15.4c0.718,0,1.3-0.582,1.3-1.3V4.3 C21,3.582,20.418,3,19.7,3z M8.339,18.338H5.667v-8.59h2.672V18.338z M7.004,8.574c-0.857,0-1.549-0.694-1.549-1.548 c0-0.855,0.691-1.548,1.549-1.548c0.854,0,1.547,0.694,1.547,1.548C8.551,7.881,7.858,8.574,7.004,8.574z M18.339,18.338h-2.669 v-4.177c0-0.996-0.017-2.278-1.387-2.278c-1.389,0-1.601,1.086-1.601,2.206v4.249h-2.667v-8.59h2.559v1.174h0.037 c0.356-0.675,1.227-1.387,2.526-1.387c2.703,0,3.203,1.779,3.203,4.092V18.338z\"><\/path><\/svg><span class=\"wp-block-social-link-label screen-reader-text\">LinkedIn<\/span><\/a><\/li><\/ul>\n<\/div>\n<\/div>\n\n\n\n<p class=\"has-text-align-center has-small-font-size\"><a href=\"https:\/\/www.hs-heilbronn.de\/alexandra.reichenbach\" target=\"_blank\" rel=\"noreferrer noopener\">Professor for Psychology in Computer Science<\/a><br><a href=\"https:\/\/www.hs-heilbronn.de\/de\/digitalelebenswelte.gesundheit\" target=\"_blank\" rel=\"noreferrer noopener\">Research Professor for Neuroinformatics<\/a> <br>Director of the Center for Machine Learning (<a href=\"https:\/\/www.hs-heilbronn.de\/zml\" target=\"_blank\" rel=\"noreferrer noopener\">ZML<\/a>)<br>ZML Research Group <em>Computational Cognitive Neuroscience<\/em><br>Chair of the <a href=\"https:\/\/www.hs-heilbronn.de\/ethikkommission\" target=\"_blank\" rel=\"noreferrer noopener\">Ethics Board<\/a><br>Member of the <em><a href=\"https:\/\/promotionsverband-bw.de\/\" target=\"_blank\" rel=\"noreferrer noopener\">Promotionsverband BW<\/a><\/em><\/p>\n\n\n\n<p class=\"has-text-align-center\"><a rel=\"noreferrer noopener\" href=\"https:\/\/www.hs-heilbronn.de\" target=\"_blank\">Heilbronn University of Applied Sciences<\/a><br>Associate Professor &#8211; <a rel=\"noreferrer noopener\" href=\"http:\/\/www.medizinische-fakultaet-hd.uni-heidelberg.de\/\" target=\"_blank\">Medical Faculty, Heidelberg University<\/a><\/p>\n\n\n\n<p class=\"has-text-align-center\">ORCID ID: <a href=\"http:\/\/orcid.org\/0000-0003-4199-3005\" target=\"_blank\" rel=\"noreferrer noopener\">0000-0003-4199-3005<\/a><\/p>\n<\/div><figure class=\"wp-block-media-text__media\"><a href=\"https:\/\/www.stimme.de\/regional\/region\/mit-kuenstlicher-intelligenz-krankheiten-diagnostizieren-art-4785753\" target=\"_blank\" rel=\"noreferrer noopener\"><img loading=\"lazy\" decoding=\"async\" width=\"539\" height=\"646\" src=\"https:\/\/www.alexreichenbach.de\/wp-content\/uploads\/2023\/08\/2023_05_SciDay_Stimme_MarioBerger_cutout-1.jpg\" alt=\"\" class=\"wp-image-259 size-full\" srcset=\"https:\/\/www.alexreichenbach.de\/wp-content\/uploads\/2023\/08\/2023_05_SciDay_Stimme_MarioBerger_cutout-1.jpg 539w, https:\/\/www.alexreichenbach.de\/wp-content\/uploads\/2023\/08\/2023_05_SciDay_Stimme_MarioBerger_cutout-1-250x300.jpg 250w\" sizes=\"auto, (max-width: 539px) 100vw, 539px\" \/><\/a><\/figure><\/div>\n\n\n\n<blockquote class=\"wp-block-quote is-style-default is-layout-flow wp-block-quote-is-layout-flow\">\n<p>The brain is a complex biological organ of great computational capability that constructs our sensory experiences, regulates our thoughts and emotions, and controls our actions.<\/p>\n<cite>&#8211; Eric Kandel<\/cite><\/blockquote>\n\n\n\n<div class=\"wp-block-media-text alignwide is-stacked-on-mobile\" style=\"grid-template-columns:15% auto\"><figure class=\"wp-block-media-text__media\"><img loading=\"lazy\" decoding=\"async\" width=\"640\" height=\"384\" src=\"https:\/\/www.alexreichenbach.de\/wp-content\/uploads\/2021\/05\/de-1.jpg\" alt=\"\" class=\"wp-image-130 size-full\" srcset=\"https:\/\/www.alexreichenbach.de\/wp-content\/uploads\/2021\/05\/de-1.jpg 640w, https:\/\/www.alexreichenbach.de\/wp-content\/uploads\/2021\/05\/de-1-300x180.jpg 300w\" sizes=\"auto, (max-width: 640px) 100vw, 640px\" \/><\/figure><div class=\"wp-block-media-text__content\">\n<p class=\"has-large-font-size\">Hier finden Sie einige Artikel, Videos u.\u00e4. auf Deutsch, in denen Teile meiner Arbeit allgemeinverst\u00e4ndlich dargestellt werden.<\/p>\n<\/div><\/div>\n\n\n\n<ul class=\"wp-block-list\">\n<li>Mein <a href=\"https:\/\/youtu.be\/FBzgBoi4yng?si=JFEFAI3bzIDgWDFR\" target=\"_blank\" rel=\"noreferrer noopener\">Kurzvortrag<\/a> beim Heilbronner KI Festival zum Einsatz von KI bei psychiatrischen Erkrankungen (Juli 2025)<\/li>\n\n\n\n<li><a href=\"https:\/\/www.youtube.com\/watch?v=LDqh_b3O1T0\" target=\"_blank\" rel=\"noreferrer noopener\">Video<\/a> von meinem Vortrag &#8220;KI in der medizinischen Diagnostik&#8221; im Rahmen der Heilbronner KI-Gespr\u00e4che 2025 (Mai 2025, VHS Heilbronn)<\/li>\n\n\n\n<li><a href=\"https:\/\/www.alexreichenbach.de\/wp-content\/uploads\/2025\/02\/Mitschnitt_Frauen-in-der-Wissenschaft.mp3\" target=\"_blank\" rel=\"noreferrer noopener\">Radio-Interview<\/a> inkl. <a href=\"https:\/\/www.instagram.com\/radioton\/reel\/DF64bZItg2w\/\" target=\"_blank\" rel=\"noreferrer noopener\">Instagram-Beitrag<\/a> mit mir und meinen Kolleginnen zur Ausstellungsreihe &#8220;<a href=\"https:\/\/www.hs-heilbronn.de\/de\/Frauen-in-der-Wissenschaft\" target=\"_blank\" rel=\"noreferrer noopener\">Frauen in der Wissenschaft<\/a>&#8221; (Februar 2025, Radio Ton)<\/li>\n\n\n\n<li><a href=\"https:\/\/zevedi.de\/aktivitaeten\/veranstaltungen\/herausforderungen-durch-ki-fur-die-arbeit-von-forschungsethik-kommissionen\/\" target=\"_blank\" rel=\"noreferrer noopener\">Video<\/a> der Abschluss-Podiumsdiskussion zum Symposium &#8220;Herausforderungen durch KI f\u00fcr die Arbeit von Forschungsethik-Kommissionen&#8221; (August 2024, Schloss Herrenhausen, Hannover)<\/li>\n\n\n\n<li><a href=\"https:\/\/www.stimme.de\/heilbronn\/stadt-heilbronn\/heilbronn-hochschule-kuenstliche-intelligenz-art-4944478\" target=\"_blank\" rel=\"noreferrer noopener\">Zeitungsartikel<\/a> \u00fcber unsere <a href=\"https:\/\/www.iphie.org\/about-iphie-new\/\" target=\"_blank\" rel=\"noreferrer noopener\">IPHIE Masterclass<\/a> inkl. Interview mit mir (2024, Heilbronner Stimme)<\/li>\n\n\n\n<li><a href=\"https:\/\/www.hs-heilbronn.de\/de\/interview-reichenbach\" target=\"_blank\" rel=\"noreferrer noopener\">Interview<\/a> mit mir im Rahmen der Reihe &#8220;Frauen in der Wissenschaft&#8221; von der Hochschule Heilbronn (2024).<\/li>\n\n\n\n<li>Mein 3D Avatar mit Informationsvideo zu unserem neuen Bachelor-Studiengang &#8220;<a href=\"https:\/\/www.hs-heilbronn.de\/de\/angewandte-kuenstliche-intelligenz-bachelor\" target=\"_blank\" rel=\"noreferrer noopener\">Angewandte KI<\/a>&#8221; steht im Geb\u00e4ude &#8220;KI &amp; Bildung&#8221; des <a href=\"https:\/\/www.hs-heilbronn.de\/de\/ki-labor\" target=\"_blank\" rel=\"noreferrer noopener\">virtuellen KI-Labors<\/a> unseres Forschungszentrums ZML.<\/li>\n\n\n\n<li><a href=\"https:\/\/www.stimme.de\/regional\/heilbronn\/informatiks-neuer-ki-seminarkurs-heilbronner-schule-theodor-heuss-gymnasium-hnn-experimenta-art-4898921\" data-type=\"link\" data-id=\"https:\/\/www.stimme.de\/regional\/heilbronn\/informatiks-neuer-ki-seminarkurs-heilbronner-schule-theodor-heuss-gymnasium-hnn-experimenta-art-4898921\" target=\"_blank\" rel=\"noreferrer noopener\">Zeitungsartikel<\/a> \u00fcber unsere neuen &#8220;Angewandte KI&#8221; Studieng\u00e4nge sowie unser Sch\u00fclerangebot im Bereich KI-Bildung (2024, Heilbronner Stimme).<\/li>\n\n\n\n<li><a href=\"https:\/\/mwk.baden-wuerttemberg.de\/de\/ministerium\/ministerin-petra-olschowski\" target=\"_blank\" rel=\"noreferrer noopener\">Ministerin Petra Olschowski<\/a> (<a href=\"https:\/\/mwk.baden-wuerttemberg.de\/de\/startseite\" target=\"_blank\" rel=\"noreferrer noopener\">MWK<\/a>) besuchte im Dezember 2023 die HHN und sprach dort auch mit mir \u00fcber unsere KI-Forschung an Biomarkern f\u00fcr Depressionsdiagnostik. <a href=\"https:\/\/www.hs-heilbronn.de\/de\/ministerin-olschowski-zu-besuch?fbclid=IwAR2BTxcZ66bF9Zs6Ob_2EoPuk0pNHfnB3AJn3DzRVwdt7ruM4A9ZaLad_kc\" target=\"_blank\" rel=\"noreferrer noopener\">Pressemeldung<\/a> | <a href=\"https:\/\/www.stimme.de\/regional\/heilbronn\/stadt\/lokales\/wissenschaftsministerin-petra-olschowski-auf-erkundungstour-am-sontheimer-campus-der-hhn-art-4874593\" target=\"_blank\" rel=\"noreferrer noopener\">Zeitungsartikel<\/a> (Heilbronner Stimme).<\/li>\n\n\n\n<li>Die Forschung meiner Arbeitsgruppe kann im Geb\u00e4ude &#8220;KI &amp; Gesellschaft&#8221; sowie im Kino des <a href=\"https:\/\/www.hs-heilbronn.de\/de\/ki-labor\" target=\"_blank\" rel=\"noreferrer noopener\">virtuellen KI-Labors<\/a> unseres Forschungszentrums ZML erfahren werden.<\/li>\n\n\n\n<li><a href=\"https:\/\/nachrichten.idw-online.de\/2023\/10\/23\/auf-den-spuren-der-kuenstlichen-intelligenz-ki-seminarkurs-mit-dem-theodor-heuss-gymnasium\" target=\"_blank\" rel=\"noreferrer noopener\">Pressemeldung<\/a> \u00fcber unser Sch\u00fclerangebot im Bereich K\u00fcnstliche Intelligenz in Zusammenarbeit mit der <a href=\"https:\/\/www.experimenta.science\/\" target=\"_blank\" rel=\"noreferrer noopener\">experimenta<\/a> (2023).<\/li>\n\n\n\n<li><a href=\"https:\/\/gmds2023.de\/presse\/pressemeldung-09-2023\/\" target=\"_blank\" rel=\"noreferrer noopener\">Pressemeldung<\/a> zum R\u00fcckblick auf die 23. GMDS Jahrestagung, die wir Medizininformatiker 2023 nach Heilbronn geholt haben.<\/li>\n\n\n\n<li><a rel=\"noreferrer noopener\" href=\"https:\/\/www.stimme.de\/regional\/region\/ki-kuenstliche-intelligenz-hochschule-heilbronn-chatgpt-forscher-ipai-maschinelles-lernen-art-4824600\" target=\"_blank\">Zeitungsartikel<\/a> \u00fcber die Entwicklung der K\u00fcnstlichen Intelligenz an der Hochschule Heilbronn mit unserem Forschungszentrum ZML (2023, Heilbronner Stimme).<\/li>\n\n\n\n<li><a rel=\"noreferrer noopener\" href=\"https:\/\/www.stimme.de\/regional\/region\/mit-kuenstlicher-intelligenz-krankheiten-diagnostizieren-art-4785753\" target=\"_blank\">Zeitungsartikel<\/a> \u00fcber meinen SciDay Vortrag in der <a rel=\"noreferrer noopener\" href=\"https:\/\/www.experimenta.science\/\" target=\"_blank\">experimenta<\/a> (2023, Heilbronner Stimme). Thema: Mit KI psychische Krankheiten diagnostizieren.<\/li>\n\n\n\n<li><a rel=\"noreferrer noopener\" href=\"https:\/\/www.stimme.de\/regional\/region\/kinder-uni-mensch-oder-maschine-wer-ist-schlauer-art-4774266\" target=\"_blank\">Zeitungsartikel<\/a> \u00fcber &#8220;Kinder Uni in HN: Mensch oder Maschine, wer ist schlauer?&#8221; (2023, Heilbronner Stimme).<\/li>\n\n\n\n<li><a rel=\"noreferrer noopener\" href=\"https:\/\/www.swr.de\/swraktuell\/baden-wuerttemberg\/heilbronn\/hochschule-heilbronn-ki-alzheimer-diagnose-100.html\" target=\"_blank\">Artikel<\/a> mit Radio Interview mit meiner Doktorandin <a rel=\"noreferrer noopener\" href=\"https:\/\/www.hs-heilbronn.de\/de\/yasmin.hollenbenders\" target=\"_blank\">Yasmin Hollenbenders<\/a> (2023, SWR). Thema: Alzheimer schneller erkennen: Wie KI dabei helfen k\u00f6nnte.<\/li>\n\n\n\n<li><a href=\"https:\/\/youtu.be\/n_nPbWkkLSQ\" target=\"_blank\" rel=\"noreferrer noopener\">Video<\/a> meines Vortrags beim KI Festival Juli 2022 in Heilbronn. Thema: Dr. KI &#8211; Wie die KI Dem Arzt helfen kann.<\/li>\n\n\n\n<li><a rel=\"noreferrer noopener\" href=\"https:\/\/www.stimme.de\/regional\/kultur\/mal-eben-gott-spielen-dramenwettbewerb-zum-abschluss-von-science-theatre-art-4560835\" target=\"_blank\">Zeitungsartikel<\/a> \u00fcber den Dramenwettbewerb zum Abschluss von &#8220;Science &amp; Theater&#8221; von <a rel=\"noreferrer noopener\" href=\"https:\/\/www.experimenta.science\/\" target=\"_blank\">experimenta<\/a> und <a rel=\"noreferrer noopener\" href=\"https:\/\/www.theater-heilbronn.de\/\" target=\"_blank\">Theater Heilbronn<\/a>, bei dem ich als Jury t\u00e4tig war (2021, Heilbronner Stimme).<\/li>\n\n\n\n<li>Ein <a rel=\"noreferrer noopener\" href=\"https:\/\/hanix-magazin.de\/epaper\/Nr.75\/epaper\/ausgabe.pdf\" target=\"_blank\">Interview<\/a><a href=\"https:\/\/hanix-magazin.de\/epaper\/Nr.75\/epaper\/ausgabe.pdf\"> <\/a>mit mir zum Thema &#8220;Mensch-Maschine Interaktion&#8221; mit Schwerpunkt auf medizinische Anwendungen (2021, Hanix Magazin, S.18\/19).<\/li>\n\n\n\n<li><a rel=\"noreferrer noopener\" href=\"https:\/\/www.stimme.de\/regional\/region\/hhn-bekommt-neue-studiengaenge-zu-kuenstlicher-intelligenz-art-4511196\" target=\"_blank\">Zeitungsartikel<\/a> \u00fcber den Aufbau neuer KI Studieng\u00e4nge an der HHN (2021, Heilbronner Stimme).<\/li>\n\n\n\n<li><a href=\"https:\/\/www.stimme.de\/regional\/region\/schlau-oder-nicht-schlau-vieles-zum-thema-intelligenz-ist-relativ-art-4509325\" target=\"_blank\" rel=\"noreferrer noopener\">Zeitungsartikel<\/a> \u00fcber (menschliche) Intelligenz (2021, Heilbronner Stimme).<\/li>\n\n\n\n<li>Zwei Zeitungsartikel <a rel=\"noreferrer noopener\" href=\"https:\/\/www.stimme.de\/regional\/region\/warum-kuenstliche-intelligenz-fuer-die-region-wichtig-ist-art-4453018\" target=\"_blank\">?<\/a><a rel=\"noreferrer noopener\" href=\"https:\/\/www.stimme.de\/regional\/heilbronn\/stadt\/lokales\/hochschule-heilbronn-macht-kuenstliche-intelligenz-erlebbar-art-4442324\" target=\"_blank\">?<\/a> \u00fcber unser Forschungszentrum ZML (2021, Heilbronner Stimme)<\/li>\n\n\n\n<li>Ein <a rel=\"noreferrer noopener\" href=\"https:\/\/www.alexreichenbach.de\/wp-content\/uploads\/2021\/05\/2018_12_AutonomesFahren_Interview_D.pdf\" data-type=\"URL\" data-id=\"https:\/\/www.alexreichenbach.de\/wp-content\/uploads\/2021\/05\/2018_12_AutonomesFahren_Interview_D.pdf\" target=\"_blank\">Interview <\/a>mit einem Kollegen und mir zum Thema &#8220;Autonomes Fahren&#8221; (2018).<\/li>\n\n\n\n<li><a href=\"https:\/\/www.stimme.de\/heilbronn\/nachrichten\/region\/Wenn-der-Computer-selbststaendig-lernt;art140897,3973431\" target=\"_blank\" rel=\"noreferrer noopener\">Zeitungsartikel<\/a> \u00fcber die Er\u00f6ffnung unseres Forschungszentrums f\u00fcr Maschinelles Lernen (ZML) an der Hochschule Heilbronn (2018, Heilbronner Stimme).<\/li>\n\n\n\n<li>Ein <a href=\"https:\/\/www.alexreichenbach.de\/?page_id=132\">Artikel <\/a>\u00fcber meine Arbeit am <a href=\"https:\/\/www.ucl.ac.uk\/brain-sciences\/icn\" target=\"_blank\" rel=\"noreferrer noopener\">Institute of Cognitive Neuroscience<\/a> des <a href=\"https:\/\/www.ucl.ac.uk\/\" target=\"_blank\" rel=\"noreferrer noopener\">University College London<\/a> (2011-2014). Dort erkl\u00e4re ich zwei spezielle Themen zur Verarbeitung visueller Informationen f\u00fcr die Bewegungssteuerung.<\/li>\n\n\n\n<li>Ein <a href=\"https:\/\/www.alexreichenbach.de\/?page_id=143\">Artikel <\/a>meines ehemaligen medizinischen Doktoranden <a href=\"https:\/\/www.researchgate.net\/profile\/David-Mehler\" target=\"_blank\" rel=\"noreferrer noopener\">David Mehler<\/a> in London. &nbsp;Dort beschreibt er einen Beitrag der neurowissenschaftlichen Grundlagenforschung zur Rehabilitationsmedizin.<\/li>\n\n\n\n<li>Ein <a href=\"https:\/\/www.alexreichenbach.de\/?page_id=140\">Artikel<\/a> \u00fcber meine Doktorarbeit am <a href=\"https:\/\/www.tuebingen.mpg.de\/9702\/max-planck-institut-fuer-biologische-kybernetik\" target=\"_blank\" rel=\"noreferrer noopener\">Max-Planck-Institut f\u00fcr biologische Kybernetik<\/a> in T\u00fcbingen (2007-2010). Dort erl\u00e4utere ich einige Grundlagen der neurowissenschaftlichen Sensomotorik Forschung und ihrer Methoden.<\/li>\n<\/ul>\n\n\n\n<p><\/p>\n","protected":false},"excerpt":{"rendered":"<p>The brain is a complex biological organ of great computational capability that constructs our sensory experiences, regulates our thoughts and emotions, and controls our actions. &#8211; Eric Kandel Hier finden Sie einige Artikel, Videos u.\u00e4. auf Deutsch, in denen Teile meiner Arbeit allgemeinverst\u00e4ndlich dargestellt werden.<\/p>\n","protected":false},"author":1,"featured_media":0,"parent":0,"menu_order":0,"comment_status":"closed","ping_status":"closed","template":"","meta":{"footnotes":""},"class_list":["post-71","page","type-page","status-publish","hentry","entry"],"_links":{"self":[{"href":"https:\/\/www.alexreichenbach.de\/index.php?rest_route=\/wp\/v2\/pages\/71","targetHints":{"allow":["GET"]}}],"collection":[{"href":"https:\/\/www.alexreichenbach.de\/index.php?rest_route=\/wp\/v2\/pages"}],"about":[{"href":"https:\/\/www.alexreichenbach.de\/index.php?rest_route=\/wp\/v2\/types\/page"}],"author":[{"embeddable":true,"href":"https:\/\/www.alexreichenbach.de\/index.php?rest_route=\/wp\/v2\/users\/1"}],"replies":[{"embeddable":true,"href":"https:\/\/www.alexreichenbach.de\/index.php?rest_route=%2Fwp%2Fv2%2Fcomments&post=71"}],"version-history":[{"count":53,"href":"https:\/\/www.alexreichenbach.de\/index.php?rest_route=\/wp\/v2\/pages\/71\/revisions"}],"predecessor-version":[{"id":477,"href":"https:\/\/www.alexreichenbach.de\/index.php?rest_route=\/wp\/v2\/pages\/71\/revisions\/477"}],"wp:attachment":[{"href":"https:\/\/www.alexreichenbach.de\/index.php?rest_route=%2Fwp%2Fv2%2Fmedia&parent=71"}],"curies":[{"name":"wp","href":"https:\/\/api.w.org\/{rel}","templated":true}]}}